{"id":2914,"date":"2025-01-08T10:34:20","date_gmt":"2025-01-08T10:34:20","guid":{"rendered":"https:\/\/serwer403251.lh.pl\/kontakt\/"},"modified":"2025-07-09T09:40:44","modified_gmt":"2025-07-09T09:40:44","slug":"contact","status":"publish","type":"page","link":"https:\/\/pratko.pl\/en\/contact\/","title":{"rendered":"Contact"},"content":{"rendered":"\n<section class=\"fullwidth flex vertical vertical__center hero-section  \">\n    <div class=\"widewidth hero-section__container  \">\n        <div class=\"hero-section__content\">\n            <p class=\"breadcrumbs\"><span><span><a href=\"https:\/\/pratko.pl\/en\/\">Home<\/a><\/span><\/span><\/p>                            <h1 class=\"hero-section__title\">Contact<\/h1>\n                                <\/div>\n            <\/div>\n    <\/section>\n\n\n<section class=\"contact-with-map fullwidth max-width      \">\n    <div class=\"contact-with-map__container fullwidth\">\n        <div class=\"contact-with-map__content\">\n                            <div class=\"contact-with-map__title\" data-aos=\"fade-right\"><h2>Visit our sales office<\/h2>\n<\/div>\n                            <div class=\"contact-with-map__text-sections\">\n                    \n                        <div class=\"contact-with-map__text-section\">\n                            <img loading=\"lazy\" decoding=\"async\" width=\"60\" height=\"60\" src=\"https:\/\/pratko.pl\/wp-content\/uploads\/2025\/02\/ikona-location.svg\" class=\"contact-with-map__icon\" alt=\"\" data-aos=\"flip-right\" data-aos-delay=\"0\" \/>                                <div class=\"contact-with-map__text\" data-aos=\"fade-up\" data-aos-delay=\"0\"><p><strong>35-317 Rzesz\u00f3w,<br \/>\nul. Aroniowa 7\/1<\/strong><\/p>\n<p>&nbsp;<\/p>\n<p>Open: Mon &#8211; Fri, 9:00 AM &#8211; 5:00 PM<br data-start=\"34\" data-end=\"37\" \/>Saturday: meetings available by appointment only, please call in advance to schedule<\/p>\n<\/div>\n                                                    <\/div>\n\n                                            \n                        <div class=\"contact-with-map__text-section\">\n                            <img loading=\"lazy\" decoding=\"async\" width=\"60\" height=\"60\" src=\"https:\/\/pratko.pl\/wp-content\/uploads\/2025\/02\/ikona-email.svg\" class=\"contact-with-map__icon\" alt=\"\" data-aos=\"flip-right\" data-aos-delay=\"100\" \/>                                <div class=\"contact-with-map__text\" data-aos=\"fade-up\" data-aos-delay=\"100\"><p><strong>Email:<br \/>\n<\/strong><\/p>\n<p>&nbsp;<\/p>\n<p><a href=\"mailto:kontakt@pratko.pl\">kontakt@pratko.pl<\/a><\/p>\n<p><a href=\"mailto:magda@pratko.pl\">magda@pratko.pl<\/a><\/p>\n<\/div>\n                                                    <\/div>\n\n                                            \n                        <div class=\"contact-with-map__text-section\">\n                            <img loading=\"lazy\" decoding=\"async\" width=\"60\" height=\"60\" src=\"https:\/\/pratko.pl\/wp-content\/uploads\/2025\/02\/ikona-tel.svg\" class=\"contact-with-map__icon\" alt=\"\" data-aos=\"flip-right\" data-aos-delay=\"200\" \/>                                <div class=\"contact-with-map__text\" data-aos=\"fade-up\" data-aos-delay=\"200\"><p><strong>Call:<br \/>\n<\/strong><\/p>\n<p>&nbsp;<\/p>\n<p><a href=\"tel:+48795495644\">+48 795 495 644<\/a> &#8211; Magda<\/p>\n<\/div>\n                                                    <\/div>\n\n                                                            <\/div>\n                    <\/div>\n        <div class=\"contact-with-map__map-wrapper\">\n                            <div class=\"contact-with-map__map\" data-zoom=\"14\">\n                    <div class=\"contact-with-map__marker\" data-lat=\"49.967127\" data-lng=\"22.014754\" data-icon=\"https:\/\/pratko.pl\/wp-content\/uploads\/2025\/02\/marker-prakto.svg\"><\/div>\n                <\/div>\n                    <\/div>\n    <\/div>\n<\/section>\n\n\n<style>\n    \/* mobile *\/\n    .bcg-N62wHIcnmhu {\n                background-color: #464545;\n    }\n\n    \/* desktop *\/\n    ;\n<\/style>\n\n\n<section  class=\"section bcg-N62wHIcnmhu fullwidth flex wrap horizontal horizontal__center   default-padding__big--top default-padding__big--bottom  \" >\n        \n\n<style>\n    \/* mobile *\/\n    .bcg-mlCNt1EKisM {\n        background-image: url('');\n        background-color: ;\n    }\n\n    \/* desktop *\/\n    @media (min-width: 576px) {\n        .bcg-mlCNt1EKisM {\n            background-image: url('');\n        }\n    }\n<\/style>\n\n\n<div  class=\"boxwidth row bcg-mlCNt1EKisM    default-padding__medium--bottom   --side-paddings\" >\n        \n\n    <div  class=\" col-xxs-12 padding-top--none padding-bottom--none\" >\n        \n\n<div class=\"bn-wysiwyg            --last-no-margin\">\n    <h2><span style=\"color: #ffffff;\">Contact us<\/span><br \/>\n<span style=\"color: #ffffff;\">and visit our show home<\/span><\/h2>\n<\/div>\n\n    <\/div>\n\n\n\n<\/div>\n\n\n<style>\n    \/* mobile *\/\n    .bcg-T9ejgfTBwjk {\n        background-image: url('');\n        background-color: ;\n    }\n\n    \/* desktop *\/\n    @media (min-width: 576px) {\n        .bcg-T9ejgfTBwjk {\n            background-image: url('');\n        }\n    }\n<\/style>\n\n\n<div  class=\"boxwidth row bcg-T9ejgfTBwjk       --side-paddings\" >\n        \n\n    <div  class=\" col-xxs-12 padding-top--none padding-bottom--none\" >\n        \n\n<div class=\"fullwidth call-to-action  \">\n    <div class=\"call-to-action__form-wrapper\">\n                    <div class=\"call-to-action__form\">\n                \n<div class=\"wpcf7 no-js\" id=\"wpcf7-f2791-o1\" lang=\"en-US\" dir=\"ltr\" data-wpcf7-id=\"2791\">\n<div class=\"screen-reader-response\"><p role=\"status\" aria-live=\"polite\" aria-atomic=\"true\"><\/p> <ul><\/ul><\/div>\n<form action=\"\/en\/wp-json\/wp\/v2\/pages\/2914#wpcf7-f2791-o1\" method=\"post\" class=\"wpcf7-form init wpcf7-acceptance-as-validation\" aria-label=\"Contact form\" novalidate=\"novalidate\" data-status=\"init\">\n<fieldset class=\"hidden-fields-container\"><input type=\"hidden\" name=\"_wpcf7\" value=\"2791\" \/><input type=\"hidden\" name=\"_wpcf7_version\" value=\"6.1.5\" \/><input type=\"hidden\" name=\"_wpcf7_locale\" value=\"en_US\" \/><input type=\"hidden\" name=\"_wpcf7_unit_tag\" value=\"wpcf7-f2791-o1\" \/><input type=\"hidden\" name=\"_wpcf7_container_post\" value=\"0\" \/><input type=\"hidden\" name=\"_wpcf7_posted_data_hash\" value=\"\" \/>\n<\/fieldset>\n<div class=\"call-to-action__input-wrapper\">\n\t<p><label>Your name: *<br \/>\n<span class=\"wpcf7-form-control-wrap\" data-name=\"your-name\"><input size=\"40\" maxlength=\"400\" class=\"wpcf7-form-control wpcf7-text wpcf7-validates-as-required\" aria-required=\"true\" aria-invalid=\"false\" value=\"\" type=\"text\" name=\"your-name\" \/><\/span><\/label>\n\t<\/p>\n<\/div>\n<div class=\"call-to-action__input-wrapper\">\n\t<p><label>Your e-mail: *<br \/>\n<span class=\"wpcf7-form-control-wrap\" data-name=\"your-email\"><input size=\"40\" maxlength=\"400\" class=\"wpcf7-form-control wpcf7-email wpcf7-validates-as-required wpcf7-text wpcf7-validates-as-email\" aria-required=\"true\" aria-invalid=\"false\" value=\"\" type=\"email\" name=\"your-email\" \/><\/span><\/label>\n\t<\/p>\n<\/div>\n<div class=\"call-to-action__input-wrapper\">\n\t<p><label>Your number phone:<br \/>\n<span class=\"wpcf7-form-control-wrap\" data-name=\"your-tel\"><input size=\"40\" maxlength=\"400\" class=\"wpcf7-form-control wpcf7-tel wpcf7-text wpcf7-validates-as-tel\" aria-invalid=\"false\" value=\"\" type=\"tel\" name=\"your-tel\" \/><\/span><\/label>\n\t<\/p>\n<\/div>\n<div class=\"call-to-action__input-wrapper\">\n\t<p><label>Your message:<br \/>\n<span class=\"wpcf7-form-control-wrap\" data-name=\"your-message\"><textarea cols=\"40\" rows=\"10\" maxlength=\"2000\" class=\"wpcf7-form-control wpcf7-textarea\" aria-invalid=\"false\" placeholder=\"Please write what you need, for example, information about the project\" name=\"your-message\"><\/textarea><\/span><\/label>\n\t<\/p>\n<\/div>\n<p><span class=\"wpcf7-form-control-wrap\" data-name=\"acceptance\"><span class=\"wpcf7-form-control wpcf7-acceptance\"><span class=\"wpcf7-list-item\"><label><input type=\"checkbox\" name=\"acceptance\" value=\"1\" aria-invalid=\"false\" \/><span class=\"wpcf7-list-item-label\">* I consent to the processing of my personal data for purposes related to the presentation of an offer by Pratko Development and accept the terms of the <a href=\"\/polityka-prywatnosci\/\">privacy policy<\/a>.<\/span><\/label><\/span><\/span><\/span>\n<\/p>\n<p><button type=\"submit\" class=\"btn-flat-primary\"><span>Send message<\/span><span>Send message<\/span><\/button>\n<\/p><div class=\"wpcf7-response-output\" aria-hidden=\"true\"><\/div>\n<\/form>\n<\/div>\n            <\/div>\n            <\/div>\n    <div class=\"call-to-action__person-wrapper\">\n        <div class=\"call-to-action__person\">\n                            <div class=\"call-to-action__image-wrapper\">\n                    <img loading=\"lazy\" decoding=\"async\" width=\"667\" height=\"667\" src=\"https:\/\/pratko.pl\/wp-content\/uploads\/2025\/04\/Magda.png\" class=\"call-to-action__image\" alt=\"\" srcset=\"https:\/\/pratko.pl\/wp-content\/uploads\/2025\/04\/Magda.png 667w, https:\/\/pratko.pl\/wp-content\/uploads\/2025\/04\/Magda-300x300.png 300w, https:\/\/pratko.pl\/wp-content\/uploads\/2025\/04\/Magda-150x150.png 150w\" sizes=\"auto, (max-width: 667px) 100vw, 667px\" \/>                <\/div>\n                                        <p class=\"call-to-action__name text-bigger\">Magdalena \u017bo\u0142nierczyk<\/p>\n                            <p class=\"call-to-action__position text-small\">Sales Coordinator<\/p>\n                            <p class=\"call-to-action__address\">35-317 Rzesz\u00f3w,<br \/>\r\nul. Aroniowa 7\/1<\/p>\n                            <a href=\"tel:+48 795 495 644\" class=\"call-to-action__phone text-medium\">+48 795 495 644<\/a>\n                            <p class=\"call-to-action__hours\">(Mon\u2013Fri, 9:00 AM\u20135:00 PM)<\/p>\n                            <a href=\"mailto:kontakt@pratko.pl\" class=\"call-to-action__email text-medium\">kontakt@pratko.pl<\/a>\n                    <\/div>\n    <\/div>\n<\/div>\n\n    <\/div>\n\n\n\n<\/div>\n\n<\/section>","protected":false},"excerpt":{"rendered":"","protected":false},"author":1,"featured_media":0,"parent":0,"menu_order":0,"comment_status":"closed","ping_status":"closed","template":"","meta":{"_acf_changed":false,"footnotes":""},"class_list":["post-2914","page","type-page","status-publish","hentry"],"acf":{"menu_position":false},"yoast_head":"<!-- This site is optimized with the Yoast SEO plugin v27.1.1 - https:\/\/yoast.com\/product\/yoast-seo-wordpress\/ -->\n<title>Contact - Pratko Development<\/title>\n<meta name=\"robots\" content=\"index, follow, max-snippet:-1, max-image-preview:large, max-video-preview:-1\" \/>\n<link rel=\"canonical\" href=\"https:\/\/pratko.pl\/en\/contact\/\" \/>\n<meta property=\"og:locale\" content=\"en_US\" \/>\n<meta property=\"og:type\" content=\"article\" \/>\n<meta property=\"og:title\" content=\"Contact - Pratko Development\" \/>\n<meta property=\"og:url\" content=\"https:\/\/pratko.pl\/en\/contact\/\" \/>\n<meta property=\"og:site_name\" content=\"Pratko Development\" \/>\n<meta property=\"article:modified_time\" content=\"2025-07-09T09:40:44+00:00\" \/>\n<meta name=\"twitter:card\" content=\"summary_large_image\" \/>\n<script type=\"application\/ld+json\" class=\"yoast-schema-graph\">{\"@context\":\"https:\/\/schema.org\",\"@graph\":[{\"@type\":\"WebPage\",\"@id\":\"https:\/\/pratko.pl\/en\/contact\/\",\"url\":\"https:\/\/pratko.pl\/en\/contact\/\",\"name\":\"Contact - Pratko Development\",\"isPartOf\":{\"@id\":\"https:\/\/pratko.pl\/en\/#website\"},\"datePublished\":\"2025-01-08T10:34:20+00:00\",\"dateModified\":\"2025-07-09T09:40:44+00:00\",\"breadcrumb\":{\"@id\":\"https:\/\/pratko.pl\/en\/contact\/#breadcrumb\"},\"inLanguage\":\"en-US\",\"potentialAction\":[{\"@type\":\"ReadAction\",\"target\":[\"https:\/\/pratko.pl\/en\/contact\/\"]}]},{\"@type\":\"BreadcrumbList\",\"@id\":\"https:\/\/pratko.pl\/en\/contact\/#breadcrumb\",\"itemListElement\":[{\"@type\":\"ListItem\",\"position\":1,\"name\":\"Home\",\"item\":\"https:\/\/pratko.pl\/en\/\"},{\"@type\":\"ListItem\",\"position\":2,\"name\":\"Contact\"}]},{\"@type\":\"WebSite\",\"@id\":\"https:\/\/pratko.pl\/en\/#website\",\"url\":\"https:\/\/pratko.pl\/en\/\",\"name\":\"Pratko Development\",\"description\":\"Pratko Development jest firm\u0105 posiadaj\u0105ca 15 letnie do\u015bwiadczenie w bran\u017cy budowlanej na rynku brytyjskim. Na swoim koncie mamy wiele pomy\u015blnie zrealizowanych inwestycji takich jak: szpitale, college, szko\u0142y, osiedla oraz apartamenty.\",\"potentialAction\":[{\"@type\":\"SearchAction\",\"target\":{\"@type\":\"EntryPoint\",\"urlTemplate\":\"https:\/\/pratko.pl\/en\/?s={search_term_string}\"},\"query-input\":{\"@type\":\"PropertyValueSpecification\",\"valueRequired\":true,\"valueName\":\"search_term_string\"}}],\"inLanguage\":\"en-US\"}]}<\/script>\n<!-- \/ Yoast SEO plugin. -->","yoast_head_json":{"title":"Contact - Pratko Development","robots":{"index":"index","follow":"follow","max-snippet":"max-snippet:-1","max-image-preview":"max-image-preview:large","max-video-preview":"max-video-preview:-1"},"canonical":"https:\/\/pratko.pl\/en\/contact\/","og_locale":"en_US","og_type":"article","og_title":"Contact - Pratko Development","og_url":"https:\/\/pratko.pl\/en\/contact\/","og_site_name":"Pratko Development","article_modified_time":"2025-07-09T09:40:44+00:00","twitter_card":"summary_large_image","schema":{"@context":"https:\/\/schema.org","@graph":[{"@type":"WebPage","@id":"https:\/\/pratko.pl\/en\/contact\/","url":"https:\/\/pratko.pl\/en\/contact\/","name":"Contact - Pratko Development","isPartOf":{"@id":"https:\/\/pratko.pl\/en\/#website"},"datePublished":"2025-01-08T10:34:20+00:00","dateModified":"2025-07-09T09:40:44+00:00","breadcrumb":{"@id":"https:\/\/pratko.pl\/en\/contact\/#breadcrumb"},"inLanguage":"en-US","potentialAction":[{"@type":"ReadAction","target":["https:\/\/pratko.pl\/en\/contact\/"]}]},{"@type":"BreadcrumbList","@id":"https:\/\/pratko.pl\/en\/contact\/#breadcrumb","itemListElement":[{"@type":"ListItem","position":1,"name":"Home","item":"https:\/\/pratko.pl\/en\/"},{"@type":"ListItem","position":2,"name":"Contact"}]},{"@type":"WebSite","@id":"https:\/\/pratko.pl\/en\/#website","url":"https:\/\/pratko.pl\/en\/","name":"Pratko Development","description":"Pratko Development jest firm\u0105 posiadaj\u0105ca 15 letnie do\u015bwiadczenie w bran\u017cy budowlanej na rynku brytyjskim. Na swoim koncie mamy wiele pomy\u015blnie zrealizowanych inwestycji takich jak: szpitale, college, szko\u0142y, osiedla oraz apartamenty.","potentialAction":[{"@type":"SearchAction","target":{"@type":"EntryPoint","urlTemplate":"https:\/\/pratko.pl\/en\/?s={search_term_string}"},"query-input":{"@type":"PropertyValueSpecification","valueRequired":true,"valueName":"search_term_string"}}],"inLanguage":"en-US"}]}},"_links":{"self":[{"href":"https:\/\/pratko.pl\/en\/wp-json\/wp\/v2\/pages\/2914","targetHints":{"allow":["GET"]}}],"collection":[{"href":"https:\/\/pratko.pl\/en\/wp-json\/wp\/v2\/pages"}],"about":[{"href":"https:\/\/pratko.pl\/en\/wp-json\/wp\/v2\/types\/page"}],"author":[{"embeddable":true,"href":"https:\/\/pratko.pl\/en\/wp-json\/wp\/v2\/users\/1"}],"replies":[{"embeddable":true,"href":"https:\/\/pratko.pl\/en\/wp-json\/wp\/v2\/comments?post=2914"}],"version-history":[{"count":2,"href":"https:\/\/pratko.pl\/en\/wp-json\/wp\/v2\/pages\/2914\/revisions"}],"predecessor-version":[{"id":2978,"href":"https:\/\/pratko.pl\/en\/wp-json\/wp\/v2\/pages\/2914\/revisions\/2978"}],"wp:attachment":[{"href":"https:\/\/pratko.pl\/en\/wp-json\/wp\/v2\/media?parent=2914"}],"curies":[{"name":"wp","href":"https:\/\/api.w.org\/{rel}","templated":true}]}}