{"id":2905,"date":"2025-01-08T10:34:31","date_gmt":"2025-01-08T10:34:31","guid":{"rendered":"https:\/\/serwer403251.lh.pl\/investment\/"},"modified":"2026-02-02T10:30:49","modified_gmt":"2026-02-02T10:30:49","slug":"investment","status":"publish","type":"page","link":"https:\/\/pratko.pl\/en\/investment\/","title":{"rendered":"Pratko Investment"},"content":{"rendered":"\n<section class=\"fullwidth flex vertical vertical__center hero-section  \">\n    <div class=\"widewidth hero-section__container  \">\n        <div class=\"hero-section__content\">\n            <p class=\"breadcrumbs\"><span><span><a href=\"https:\/\/pratko.pl\/en\/\">Home<\/a><\/span><\/span><\/p>                            <h1 class=\"hero-section__title\">Pratko Investment<\/h1>\n                                <\/div>\n            <\/div>\n    <\/section>\n\n\n<section  class=\"section bcg-nJpVbmHPCX2 fullwidth flex wrap horizontal horizontal__center     section-border-bottom \" >\n        \n\n<style>\n    \/* mobile *\/\n    .bcg-OQ2kx652fF8 {\n        background-image: url('');\n        background-color: ;\n    }\n\n    \/* desktop *\/\n    @media (min-width: 576px) {\n        .bcg-OQ2kx652fF8 {\n            background-image: url('');\n        }\n    }\n<\/style>\n\n\n<div  class=\"widewidth row bcg-OQ2kx652fF8   default-padding__big--top    --side-paddings\" >\n        \n\n    <div  class=\" col-xxs-12 padding-top--none padding-bottom--none\" >\n        \n\n<div class=\"columns-with-image fullwidth   --with-image --text-on-left\">\n            <div class=\"columns-with-image__image-wrapper\" data-aos=\"flip-right\">\n            <img loading=\"lazy\" decoding=\"async\" width=\"1856\" height=\"1256\" src=\"https:\/\/pratko.pl\/wp-content\/uploads\/2025\/04\/Legionistow_Architektura6.jpg\" class=\"columns-with-image__image\" alt=\"\" srcset=\"https:\/\/pratko.pl\/wp-content\/uploads\/2025\/04\/Legionistow_Architektura6.jpg 1856w, https:\/\/pratko.pl\/wp-content\/uploads\/2025\/04\/Legionistow_Architektura6-300x203.jpg 300w, https:\/\/pratko.pl\/wp-content\/uploads\/2025\/04\/Legionistow_Architektura6-1024x693.jpg 1024w, https:\/\/pratko.pl\/wp-content\/uploads\/2025\/04\/Legionistow_Architektura6-768x520.jpg 768w, https:\/\/pratko.pl\/wp-content\/uploads\/2025\/04\/Legionistow_Architektura6-1536x1039.jpg 1536w\" sizes=\"auto, (max-width: 1856px) 100vw, 1856px\" \/>        <\/div>\n        <div class=\"columns-with-image__text-wrapper\">\n                    <h2 class=\"columns-with-image__title\" data-aos=\"fade-up\">Office, Retail, and Warehouse Solutions That Support Communities<\/h2>\n                            <p class=\"columns-with-image__bigger-text text-medium\" data-aos=\"fade-up\" data-aos-delay=\"150\">We operate a business focused on preparing and providing office, retail, and warehouse spaces for rent.<\/p>\n                            <div class=\"columns-with-image__text text\" data-aos=\"fade-up\" data-aos-delay=\"300\"><p>Our real estate investments aim to support local communities by creating new jobs, improving infrastructure, and promoting social and cultural initiatives.<\/p>\n<\/div>\n        \n            <\/div>\n<\/div>\n\n    <\/div>\n\n\n\n<\/div>\n\n<\/section>\n\n\n<style>\n    \/* mobile *\/\n    .bcg-IeBReExuFmC {\n                background-color: #ffffff;\n    }\n\n    \/* desktop *\/\n    ;\n<\/style>\n\n\n<section  class=\"section bcg-IeBReExuFmC fullwidth flex wrap horizontal horizontal__center   default-padding__big--top default-padding__big--bottom  \" >\n        \n\n<style>\n    \/* mobile *\/\n    .bcg-95SB4Xrw3O1 {\n        background-image: url('');\n        background-color: ;\n    }\n\n    \/* desktop *\/\n    @media (min-width: 576px) {\n        .bcg-95SB4Xrw3O1 {\n            background-image: url('');\n        }\n    }\n<\/style>\n\n\n<div  class=\"boxwidth row bcg-95SB4Xrw3O1    default-padding__medium--bottom   --side-paddings\" >\n        \n\n    <div  class=\" col-xxs-12 padding-top--none padding-bottom--none\" >\n        \n\n<div class=\"bn-wysiwyg            --last-no-margin\">\n    <h2>Pratko Investment<\/h2>\n<\/div>\n\n    <\/div>\n\n\n\n<\/div>\n\n\n<style>\n    \/* mobile *\/\n    .bcg-pXSkTMpRwA9 {\n        background-image: url('');\n        background-color: ;\n    }\n\n    \/* desktop *\/\n    @media (min-width: 576px) {\n        .bcg-pXSkTMpRwA9 {\n            background-image: url('');\n        }\n    }\n<\/style>\n\n\n<div  class=\"boxwidth row bcg-pXSkTMpRwA9       --side-paddings\" >\n        \n\n<div class=\"fullwidth presentation-2columns  \">\n    <div class=\"presentation-2columns__container\">\n        \n            <div class=\"investment-preview__wrapper\">\n                <div class=\"investment-preview\">\n                    <div class=\"investment-preview__gallery-wrapper\">\n                                                    <div class=\"investment-preview__gallery\">\n                                                                    <div class=\"investment-preview__gallery-image-wrapper\">\n                                                                                    <img loading=\"lazy\" decoding=\"async\" width=\"2560\" height=\"1429\" src=\"https:\/\/pratko.pl\/wp-content\/uploads\/2026\/02\/Wiz1-Matuszczaka-scaled.jpg\" class=\"investment-preview__gallery-image\" alt=\"\" srcset=\"https:\/\/pratko.pl\/wp-content\/uploads\/2026\/02\/Wiz1-Matuszczaka-scaled.jpg 2560w, https:\/\/pratko.pl\/wp-content\/uploads\/2026\/02\/Wiz1-Matuszczaka-300x167.jpg 300w, https:\/\/pratko.pl\/wp-content\/uploads\/2026\/02\/Wiz1-Matuszczaka-1024x572.jpg 1024w, https:\/\/pratko.pl\/wp-content\/uploads\/2026\/02\/Wiz1-Matuszczaka-768x429.jpg 768w, https:\/\/pratko.pl\/wp-content\/uploads\/2026\/02\/Wiz1-Matuszczaka-1536x857.jpg 1536w, https:\/\/pratko.pl\/wp-content\/uploads\/2026\/02\/Wiz1-Matuszczaka-2048x1143.jpg 2048w\" sizes=\"auto, (max-width: 2560px) 100vw, 2560px\" \/>                                                                            <\/div>\n                                                            <\/div>\n                                            <\/div>\n                    <div class=\"investment-preview__content\">\n                                                    <h3>Matuszczaka<\/h3>\n                                                                            <p class=\"investment-preview__description text\">A commercial and retail building with underground parking.<\/p>\n                                                    <ul class=\"investment-preview__details\">\n                                \n                                    <li class=\"investment-preview__detail text\">Office spaces<\/li>\n\n                                \n                                    <li class=\"investment-preview__detail text\">Retail spaces<\/li>\n\n                                \n                                    <li class=\"investment-preview__detail text\">Medical services<\/li>\n\n                                                            <\/ul>\n                                            <\/div>\n                <\/div>\n            <\/div>\n\n        \n            <div class=\"investment-preview__wrapper\">\n                <div class=\"investment-preview\">\n                    <div class=\"investment-preview__gallery-wrapper\">\n                                                    <div class=\"investment-preview__gallery\">\n                                                                    <div class=\"investment-preview__gallery-image-wrapper\">\n                                                                                    <img loading=\"lazy\" decoding=\"async\" width=\"2560\" height=\"1224\" src=\"https:\/\/pratko.pl\/wp-content\/uploads\/2026\/02\/Elewacja-Dabrowskiego-3-scaled.png\" class=\"investment-preview__gallery-image\" alt=\"\" srcset=\"https:\/\/pratko.pl\/wp-content\/uploads\/2026\/02\/Elewacja-Dabrowskiego-3-scaled.png 2560w, https:\/\/pratko.pl\/wp-content\/uploads\/2026\/02\/Elewacja-Dabrowskiego-3-300x143.png 300w, https:\/\/pratko.pl\/wp-content\/uploads\/2026\/02\/Elewacja-Dabrowskiego-3-1024x490.png 1024w, https:\/\/pratko.pl\/wp-content\/uploads\/2026\/02\/Elewacja-Dabrowskiego-3-768x367.png 768w, https:\/\/pratko.pl\/wp-content\/uploads\/2026\/02\/Elewacja-Dabrowskiego-3-1536x735.png 1536w, https:\/\/pratko.pl\/wp-content\/uploads\/2026\/02\/Elewacja-Dabrowskiego-3-2048x979.png 2048w\" sizes=\"auto, (max-width: 2560px) 100vw, 2560px\" \/>                                                                            <\/div>\n                                                                    <div class=\"investment-preview__gallery-image-wrapper\">\n                                                                                    <img loading=\"lazy\" decoding=\"async\" width=\"1536\" height=\"1024\" src=\"https:\/\/pratko.pl\/wp-content\/uploads\/2026\/02\/Dabrowskiego-elewacja-ogrodowa.png\" class=\"investment-preview__gallery-image\" alt=\"\" srcset=\"https:\/\/pratko.pl\/wp-content\/uploads\/2026\/02\/Dabrowskiego-elewacja-ogrodowa.png 1536w, https:\/\/pratko.pl\/wp-content\/uploads\/2026\/02\/Dabrowskiego-elewacja-ogrodowa-300x200.png 300w, https:\/\/pratko.pl\/wp-content\/uploads\/2026\/02\/Dabrowskiego-elewacja-ogrodowa-1024x683.png 1024w, https:\/\/pratko.pl\/wp-content\/uploads\/2026\/02\/Dabrowskiego-elewacja-ogrodowa-768x512.png 768w\" sizes=\"auto, (max-width: 1536px) 100vw, 1536px\" \/>                                                                            <\/div>\n                                                            <\/div>\n                                            <\/div>\n                    <div class=\"investment-preview__content\">\n                                                    <h3>D\u0105browskiego 3 <\/h3>\n                                                                            <p class=\"investment-preview__description text\">4 apartments in the very center of Rzesz\u00f3w. Sizes range from 67m<sup>2<\/sup> do 120m<sup>2.<\/sup> <\/p>\n                                                    <ul class=\"investment-preview__details\">\n                                \n                                    <li class=\"investment-preview__detail text\">Residential space<\/li>\n\n                                \n                                    <li class=\"investment-preview__detail text\">Possibility of adaptation for office or law firm space<\/li>\n\n                                                            <\/ul>\n                                            <\/div>\n                <\/div>\n            <\/div>\n\n            <\/div>\n<\/div>\n\n\n\n<\/div>\n\n<\/section>\n\n\n<style>\n    \/* mobile *\/\n    .bcg-d3X1pDQJMh9 {\n                background-color: #464545;\n    }\n\n    \/* desktop *\/\n    ;\n<\/style>\n\n\n<section  class=\"section bcg-d3X1pDQJMh9 fullwidth flex wrap horizontal horizontal__center   default-padding__big--top default-padding__big--bottom  \" >\n        \n\n<style>\n    \/* mobile *\/\n    .bcg-sIdWrRVUHIz {\n        background-image: url('');\n        background-color: ;\n    }\n\n    \/* desktop *\/\n    @media (min-width: 576px) {\n        .bcg-sIdWrRVUHIz {\n            background-image: url('');\n        }\n    }\n<\/style>\n\n\n<div  class=\"boxwidth row bcg-sIdWrRVUHIz    default-padding__medium--bottom   --side-paddings\" >\n        \n\n    <div  class=\" col-xxs-12 padding-top--none padding-bottom--none\" >\n        \n\n<div class=\"bn-wysiwyg            --last-no-margin\">\n    <h2><span style=\"color: #ffffff;\">Contact us<\/span><br \/>\n<span style=\"color: #ffffff;\">and visit our show home<\/span><\/h2>\n<\/div>\n\n    <\/div>\n\n\n\n<\/div>\n\n\n<style>\n    \/* mobile *\/\n    .bcg-bnmsMEt5XAQ {\n        background-image: url('');\n        background-color: ;\n    }\n\n    \/* desktop *\/\n    @media (min-width: 576px) {\n        .bcg-bnmsMEt5XAQ {\n            background-image: url('');\n        }\n    }\n<\/style>\n\n\n<div  class=\"boxwidth row bcg-bnmsMEt5XAQ       --side-paddings\" >\n        \n\n    <div  class=\" col-xxs-12 padding-top--none padding-bottom--none\" >\n        \n\n<div class=\"fullwidth call-to-action  \">\n    <div class=\"call-to-action__form-wrapper\">\n                    <div class=\"call-to-action__form\">\n                \n<div class=\"wpcf7 no-js\" id=\"wpcf7-f2791-o1\" lang=\"en-US\" dir=\"ltr\" data-wpcf7-id=\"2791\">\n<div class=\"screen-reader-response\"><p role=\"status\" aria-live=\"polite\" aria-atomic=\"true\"><\/p> <ul><\/ul><\/div>\n<form action=\"\/en\/wp-json\/wp\/v2\/pages\/2905#wpcf7-f2791-o1\" method=\"post\" class=\"wpcf7-form init wpcf7-acceptance-as-validation\" aria-label=\"Contact form\" novalidate=\"novalidate\" data-status=\"init\">\n<fieldset class=\"hidden-fields-container\"><input type=\"hidden\" name=\"_wpcf7\" value=\"2791\" \/><input type=\"hidden\" name=\"_wpcf7_version\" value=\"6.1.5\" \/><input type=\"hidden\" name=\"_wpcf7_locale\" value=\"en_US\" \/><input type=\"hidden\" name=\"_wpcf7_unit_tag\" value=\"wpcf7-f2791-o1\" \/><input type=\"hidden\" name=\"_wpcf7_container_post\" value=\"0\" \/><input type=\"hidden\" name=\"_wpcf7_posted_data_hash\" value=\"\" \/>\n<\/fieldset>\n<div class=\"call-to-action__input-wrapper\">\n\t<p><label>Your name: *<br \/>\n<span class=\"wpcf7-form-control-wrap\" data-name=\"your-name\"><input size=\"40\" maxlength=\"400\" class=\"wpcf7-form-control wpcf7-text wpcf7-validates-as-required\" aria-required=\"true\" aria-invalid=\"false\" value=\"\" type=\"text\" name=\"your-name\" \/><\/span><\/label>\n\t<\/p>\n<\/div>\n<div class=\"call-to-action__input-wrapper\">\n\t<p><label>Your e-mail: *<br \/>\n<span class=\"wpcf7-form-control-wrap\" data-name=\"your-email\"><input size=\"40\" maxlength=\"400\" class=\"wpcf7-form-control wpcf7-email wpcf7-validates-as-required wpcf7-text wpcf7-validates-as-email\" aria-required=\"true\" aria-invalid=\"false\" value=\"\" type=\"email\" name=\"your-email\" \/><\/span><\/label>\n\t<\/p>\n<\/div>\n<div class=\"call-to-action__input-wrapper\">\n\t<p><label>Your number phone:<br \/>\n<span class=\"wpcf7-form-control-wrap\" data-name=\"your-tel\"><input size=\"40\" maxlength=\"400\" class=\"wpcf7-form-control wpcf7-tel wpcf7-text wpcf7-validates-as-tel\" aria-invalid=\"false\" value=\"\" type=\"tel\" name=\"your-tel\" \/><\/span><\/label>\n\t<\/p>\n<\/div>\n<div class=\"call-to-action__input-wrapper\">\n\t<p><label>Your message:<br \/>\n<span class=\"wpcf7-form-control-wrap\" data-name=\"your-message\"><textarea cols=\"40\" rows=\"10\" maxlength=\"2000\" class=\"wpcf7-form-control wpcf7-textarea\" aria-invalid=\"false\" placeholder=\"Please write what you need, for example, information about the project\" name=\"your-message\"><\/textarea><\/span><\/label>\n\t<\/p>\n<\/div>\n<p><span class=\"wpcf7-form-control-wrap\" data-name=\"acceptance\"><span class=\"wpcf7-form-control wpcf7-acceptance\"><span class=\"wpcf7-list-item\"><label><input type=\"checkbox\" name=\"acceptance\" value=\"1\" aria-invalid=\"false\" \/><span class=\"wpcf7-list-item-label\">* I consent to the processing of my personal data for purposes related to the presentation of an offer by Pratko Development and accept the terms of the <a href=\"\/polityka-prywatnosci\/\">privacy policy<\/a>.<\/span><\/label><\/span><\/span><\/span>\n<\/p>\n<p><button type=\"submit\" class=\"btn-flat-primary\"><span>Send message<\/span><span>Send message<\/span><\/button>\n<\/p><div class=\"wpcf7-response-output\" aria-hidden=\"true\"><\/div>\n<\/form>\n<\/div>\n            <\/div>\n            <\/div>\n    <div class=\"call-to-action__person-wrapper\">\n        <div class=\"call-to-action__person\">\n                            <div class=\"call-to-action__image-wrapper\">\n                    <img loading=\"lazy\" decoding=\"async\" width=\"667\" height=\"667\" src=\"https:\/\/pratko.pl\/wp-content\/uploads\/2025\/04\/Magda.png\" class=\"call-to-action__image\" alt=\"\" srcset=\"https:\/\/pratko.pl\/wp-content\/uploads\/2025\/04\/Magda.png 667w, https:\/\/pratko.pl\/wp-content\/uploads\/2025\/04\/Magda-300x300.png 300w, https:\/\/pratko.pl\/wp-content\/uploads\/2025\/04\/Magda-150x150.png 150w\" sizes=\"auto, (max-width: 667px) 100vw, 667px\" \/>                <\/div>\n                                        <p class=\"call-to-action__name text-bigger\">Magdalena \u017bo\u0142nierczyk<\/p>\n                            <p class=\"call-to-action__position text-small\">Sales Coordinator<\/p>\n                            <p class=\"call-to-action__address\">35-317 Rzesz\u00f3w,<br \/>\r\nul. Aroniowa 7\/1<\/p>\n                            <a href=\"tel:+48 795 495 644\" class=\"call-to-action__phone text-medium\">+48 795 495 644<\/a>\n                            <p class=\"call-to-action__hours\">(Mon\u2013Fri, 9:00 AM\u20135:00 PM)<\/p>\n                            <a href=\"mailto:kontakt@pratko.pl\" class=\"call-to-action__email text-medium\">kontakt@pratko.pl<\/a>\n                    <\/div>\n    <\/div>\n<\/div>\n\n    <\/div>\n\n\n\n<\/div>\n\n<\/section>","protected":false},"excerpt":{"rendered":"","protected":false},"author":1,"featured_media":0,"parent":0,"menu_order":0,"comment_status":"closed","ping_status":"closed","template":"","meta":{"_acf_changed":false,"footnotes":""},"class_list":["post-2905","page","type-page","status-publish","hentry"],"acf":{"menu_position":false},"yoast_head":"<!-- This site is optimized with the Yoast SEO plugin v27.1.1 - https:\/\/yoast.com\/product\/yoast-seo-wordpress\/ -->\n<title>Pratko Investment - Pratko Development<\/title>\n<meta name=\"robots\" content=\"index, follow, max-snippet:-1, max-image-preview:large, max-video-preview:-1\" \/>\n<link rel=\"canonical\" href=\"https:\/\/pratko.pl\/en\/investment\/\" \/>\n<meta property=\"og:locale\" content=\"en_US\" \/>\n<meta property=\"og:type\" content=\"article\" \/>\n<meta property=\"og:title\" content=\"Pratko Investment - Pratko Development\" \/>\n<meta property=\"og:url\" content=\"https:\/\/pratko.pl\/en\/investment\/\" \/>\n<meta property=\"og:site_name\" content=\"Pratko Development\" \/>\n<meta property=\"article:modified_time\" content=\"2026-02-02T10:30:49+00:00\" \/>\n<meta name=\"twitter:card\" content=\"summary_large_image\" \/>\n<script type=\"application\/ld+json\" class=\"yoast-schema-graph\">{\"@context\":\"https:\/\/schema.org\",\"@graph\":[{\"@type\":\"WebPage\",\"@id\":\"https:\/\/pratko.pl\/en\/investment\/\",\"url\":\"https:\/\/pratko.pl\/en\/investment\/\",\"name\":\"Pratko Investment - Pratko Development\",\"isPartOf\":{\"@id\":\"https:\/\/pratko.pl\/en\/#website\"},\"datePublished\":\"2025-01-08T10:34:31+00:00\",\"dateModified\":\"2026-02-02T10:30:49+00:00\",\"breadcrumb\":{\"@id\":\"https:\/\/pratko.pl\/en\/investment\/#breadcrumb\"},\"inLanguage\":\"en-US\",\"potentialAction\":[{\"@type\":\"ReadAction\",\"target\":[\"https:\/\/pratko.pl\/en\/investment\/\"]}]},{\"@type\":\"BreadcrumbList\",\"@id\":\"https:\/\/pratko.pl\/en\/investment\/#breadcrumb\",\"itemListElement\":[{\"@type\":\"ListItem\",\"position\":1,\"name\":\"Home\",\"item\":\"https:\/\/pratko.pl\/en\/\"},{\"@type\":\"ListItem\",\"position\":2,\"name\":\"Pratko Investment\"}]},{\"@type\":\"WebSite\",\"@id\":\"https:\/\/pratko.pl\/en\/#website\",\"url\":\"https:\/\/pratko.pl\/en\/\",\"name\":\"Pratko Development\",\"description\":\"Pratko Development jest firm\u0105 posiadaj\u0105ca 15 letnie do\u015bwiadczenie w bran\u017cy budowlanej na rynku brytyjskim. Na swoim koncie mamy wiele pomy\u015blnie zrealizowanych inwestycji takich jak: szpitale, college, szko\u0142y, osiedla oraz apartamenty.\",\"potentialAction\":[{\"@type\":\"SearchAction\",\"target\":{\"@type\":\"EntryPoint\",\"urlTemplate\":\"https:\/\/pratko.pl\/en\/?s={search_term_string}\"},\"query-input\":{\"@type\":\"PropertyValueSpecification\",\"valueRequired\":true,\"valueName\":\"search_term_string\"}}],\"inLanguage\":\"en-US\"}]}<\/script>\n<!-- \/ Yoast SEO plugin. -->","yoast_head_json":{"title":"Pratko Investment - Pratko Development","robots":{"index":"index","follow":"follow","max-snippet":"max-snippet:-1","max-image-preview":"max-image-preview:large","max-video-preview":"max-video-preview:-1"},"canonical":"https:\/\/pratko.pl\/en\/investment\/","og_locale":"en_US","og_type":"article","og_title":"Pratko Investment - Pratko Development","og_url":"https:\/\/pratko.pl\/en\/investment\/","og_site_name":"Pratko Development","article_modified_time":"2026-02-02T10:30:49+00:00","twitter_card":"summary_large_image","schema":{"@context":"https:\/\/schema.org","@graph":[{"@type":"WebPage","@id":"https:\/\/pratko.pl\/en\/investment\/","url":"https:\/\/pratko.pl\/en\/investment\/","name":"Pratko Investment - Pratko Development","isPartOf":{"@id":"https:\/\/pratko.pl\/en\/#website"},"datePublished":"2025-01-08T10:34:31+00:00","dateModified":"2026-02-02T10:30:49+00:00","breadcrumb":{"@id":"https:\/\/pratko.pl\/en\/investment\/#breadcrumb"},"inLanguage":"en-US","potentialAction":[{"@type":"ReadAction","target":["https:\/\/pratko.pl\/en\/investment\/"]}]},{"@type":"BreadcrumbList","@id":"https:\/\/pratko.pl\/en\/investment\/#breadcrumb","itemListElement":[{"@type":"ListItem","position":1,"name":"Home","item":"https:\/\/pratko.pl\/en\/"},{"@type":"ListItem","position":2,"name":"Pratko Investment"}]},{"@type":"WebSite","@id":"https:\/\/pratko.pl\/en\/#website","url":"https:\/\/pratko.pl\/en\/","name":"Pratko Development","description":"Pratko Development jest firm\u0105 posiadaj\u0105ca 15 letnie do\u015bwiadczenie w bran\u017cy budowlanej na rynku brytyjskim. Na swoim koncie mamy wiele pomy\u015blnie zrealizowanych inwestycji takich jak: szpitale, college, szko\u0142y, osiedla oraz apartamenty.","potentialAction":[{"@type":"SearchAction","target":{"@type":"EntryPoint","urlTemplate":"https:\/\/pratko.pl\/en\/?s={search_term_string}"},"query-input":{"@type":"PropertyValueSpecification","valueRequired":true,"valueName":"search_term_string"}}],"inLanguage":"en-US"}]}},"_links":{"self":[{"href":"https:\/\/pratko.pl\/en\/wp-json\/wp\/v2\/pages\/2905","targetHints":{"allow":["GET"]}}],"collection":[{"href":"https:\/\/pratko.pl\/en\/wp-json\/wp\/v2\/pages"}],"about":[{"href":"https:\/\/pratko.pl\/en\/wp-json\/wp\/v2\/types\/page"}],"author":[{"embeddable":true,"href":"https:\/\/pratko.pl\/en\/wp-json\/wp\/v2\/users\/1"}],"replies":[{"embeddable":true,"href":"https:\/\/pratko.pl\/en\/wp-json\/wp\/v2\/comments?post=2905"}],"version-history":[{"count":2,"href":"https:\/\/pratko.pl\/en\/wp-json\/wp\/v2\/pages\/2905\/revisions"}],"predecessor-version":[{"id":3521,"href":"https:\/\/pratko.pl\/en\/wp-json\/wp\/v2\/pages\/2905\/revisions\/3521"}],"wp:attachment":[{"href":"https:\/\/pratko.pl\/en\/wp-json\/wp\/v2\/media?parent=2905"}],"curies":[{"name":"wp","href":"https:\/\/api.w.org\/{rel}","templated":true}]}}