{"id":2830,"date":"2025-01-08T10:33:52","date_gmt":"2025-01-08T10:33:52","guid":{"rendered":"https:\/\/serwer403251.lh.pl\/pracownia-architektoniczna\/"},"modified":"2025-07-11T08:05:41","modified_gmt":"2025-07-11T08:05:41","slug":"architectural-studio","status":"publish","type":"page","link":"https:\/\/pratko.pl\/en\/architectural-studio\/","title":{"rendered":"Architectural studio"},"content":{"rendered":"\n<section class=\"fullwidth flex vertical vertical__center hero-section  \">\n    <div class=\"widewidth hero-section__container  \">\n        <div class=\"hero-section__content\">\n            <p class=\"breadcrumbs\"><span><span><a href=\"https:\/\/pratko.pl\/en\/\">Home<\/a><\/span><\/span><\/p>                            <h1 class=\"hero-section__title\">Architectural Studio<\/h1>\n                                <\/div>\n            <\/div>\n    <\/section>\n\n\n<section  class=\"section bcg-k0BfXkJzKjZ fullwidth flex wrap horizontal horizontal__center     section-border-bottom \" >\n        \n\n<style>\n    \/* mobile *\/\n    .bcg-JSTglgZzKSK {\n        background-image: url('');\n        background-color: ;\n    }\n\n    \/* desktop *\/\n    @media (min-width: 576px) {\n        .bcg-JSTglgZzKSK {\n            background-image: url('');\n        }\n    }\n<\/style>\n\n\n<div  class=\"widewidth row bcg-JSTglgZzKSK   default-padding__big--top    --side-paddings\" >\n        \n\n    <div  class=\" col-xxs-12 padding-top--none padding-bottom--none\" >\n        \n\n<div class=\"columns-with-image fullwidth   --with-image --text-on-left\">\n            <div class=\"columns-with-image__image-wrapper\" data-aos=\"flip-right\">\n            <img loading=\"lazy\" decoding=\"async\" width=\"1581\" height=\"1080\" src=\"https:\/\/pratko.pl\/wp-content\/uploads\/2025\/04\/legionistow_L1.jpg\" class=\"columns-with-image__image\" alt=\"\" srcset=\"https:\/\/pratko.pl\/wp-content\/uploads\/2025\/04\/legionistow_L1.jpg 1581w, https:\/\/pratko.pl\/wp-content\/uploads\/2025\/04\/legionistow_L1-300x205.jpg 300w, https:\/\/pratko.pl\/wp-content\/uploads\/2025\/04\/legionistow_L1-1024x700.jpg 1024w, https:\/\/pratko.pl\/wp-content\/uploads\/2025\/04\/legionistow_L1-768x525.jpg 768w, https:\/\/pratko.pl\/wp-content\/uploads\/2025\/04\/legionistow_L1-1536x1049.jpg 1536w\" sizes=\"auto, (max-width: 1581px) 100vw, 1581px\" \/>        <\/div>\n        <div class=\"columns-with-image__text-wrapper\">\n                    <h2 class=\"columns-with-image__title\" data-aos=\"fade-up\">Our own architectural studio,<\/h2>\n                            <p class=\"columns-with-image__bigger-text text-medium\" data-aos=\"fade-up\" data-aos-delay=\"150\">An architectural studio is a crucial component in maintaining the high quality of our services and products.<\/p>\n                            <div class=\"columns-with-image__text text\" data-aos=\"fade-up\" data-aos-delay=\"300\"><p>We aim to create work that is not only functional and visually appealing, but also innovative and distinctive compared to the competition.<\/p>\n<\/div>\n        \n            <\/div>\n<\/div>\n\n    <\/div>\n\n\n\n<\/div>\n\n<\/section>\n\n\n<section class=\"fullwidth box-with-buttons  \">\n    <div class=\"box-with-buttons__container widewidth col-2\">\n        \n            <a href=\"https:\/\/pratko.pl\/en\/own-projects\/\" target=\"_blank\" class=\"box-with-buttons__box\" data-aos=\"zoom-in-up\" data-aos-delay=\"0\">\n                <img loading=\"lazy\" decoding=\"async\" width=\"602\" height=\"376\" src=\"https:\/\/pratko.pl\/wp-content\/uploads\/2025\/01\/Image-61.png\" class=\"box-with-buttons__image\" alt=\"\" srcset=\"https:\/\/pratko.pl\/wp-content\/uploads\/2025\/01\/Image-61.png 602w, https:\/\/pratko.pl\/wp-content\/uploads\/2025\/01\/Image-61-300x187.png 300w\" sizes=\"auto, (max-width: 602px) 100vw, 602px\" \/>                <span class=\"box-with-buttons__title\">Own projects<\/span>\n            <\/a>\n           \n                    \n            <a href=\"https:\/\/pratko.pl\/en\/external-projects\/\" target=\"\" class=\"box-with-buttons__box\" data-aos=\"zoom-in-up\" data-aos-delay=\"150\">\n                <img loading=\"lazy\" decoding=\"async\" width=\"602\" height=\"376\" src=\"https:\/\/pratko.pl\/wp-content\/uploads\/2025\/01\/Image-612.png\" class=\"box-with-buttons__image\" alt=\"\" srcset=\"https:\/\/pratko.pl\/wp-content\/uploads\/2025\/01\/Image-612.png 602w, https:\/\/pratko.pl\/wp-content\/uploads\/2025\/01\/Image-612-300x187.png 300w\" sizes=\"auto, (max-width: 602px) 100vw, 602px\" \/>                <span class=\"box-with-buttons__title\">External projects<\/span>\n            <\/a>\n           \n                        <\/div>\n<\/section>\n\n\n\n\n<style>\n    \/* mobile *\/\n    .bcg-HnKVjVJfhYU {\n                background-color: #f6f6f6;\n    }\n\n    \/* desktop *\/\n    ;\n<\/style>\n\n\n<section  class=\"section bcg-HnKVjVJfhYU fullwidth flex wrap horizontal horizontal__center   default-padding__big--top default-padding__big--bottom section-border-bottom \" >\n        \n\n<style>\n    \/* mobile *\/\n    .bcg-Z9doz4KuXaj {\n        background-image: url('');\n        background-color: ;\n    }\n\n    \/* desktop *\/\n    @media (min-width: 576px) {\n        .bcg-Z9doz4KuXaj {\n            background-image: url('');\n        }\n    }\n<\/style>\n\n\n<div  class=\"boxwidth row bcg-Z9doz4KuXaj    default-padding__medium--bottom   --side-paddings\" >\n        \n\n    <div  class=\" col-xxs-12 padding-top--none padding-bottom--none\" >\n        \n\n<div class=\"bn-wysiwyg            --last-no-margin\">\n    <h2>Architectural team<\/h2>\n<\/div>\n\n    <\/div>\n\n\n\n<\/div>\n\n\n<style>\n    \/* mobile *\/\n    .bcg-GkUHi6VB2Gy {\n        background-image: url('');\n        background-color: ;\n    }\n\n    \/* desktop *\/\n    @media (min-width: 576px) {\n        .bcg-GkUHi6VB2Gy {\n            background-image: url('');\n        }\n    }\n<\/style>\n\n\n<div  class=\"widewidth row bcg-GkUHi6VB2Gy       --side-paddings\" >\n        \n\n    <div  class=\" col-xxs-12 padding-top--none padding-bottom--none\" >\n        \n\n<div class=\"fullwidth team  \">\n    \n        <div class=\"team__member\">\n                            <div class=\"team__member-image-wrapper\" data-aos=\"flip-left\" data-aos-delay=\"0\">\n                    <img loading=\"lazy\" decoding=\"async\" width=\"482\" height=\"483\" src=\"https:\/\/pratko.pl\/wp-content\/uploads\/2025\/04\/Bartek-1.png\" class=\"team__member-image\" alt=\"\" srcset=\"https:\/\/pratko.pl\/wp-content\/uploads\/2025\/04\/Bartek-1.png 482w, https:\/\/pratko.pl\/wp-content\/uploads\/2025\/04\/Bartek-1-300x300.png 300w, https:\/\/pratko.pl\/wp-content\/uploads\/2025\/04\/Bartek-1-150x150.png 150w\" sizes=\"auto, (max-width: 482px) 100vw, 482px\" \/>                <\/div>\n                        <div class=\"team__member-text-wrapper\" data-aos=\"fade-up\" data-aos-delay=\"0\">\n                                    <h3 class=\"team__member-name\">Bart\u0142omiej Tomkowicz<\/h3>\n                                                    <p class=\"team__member-position text-small\">Head Architect<\/p>\n                            <\/div>\n        <\/div>\n\n            \n        <div class=\"team__member\">\n                            <div class=\"team__member-image-wrapper\" data-aos=\"flip-left\" data-aos-delay=\"150\">\n                    <img loading=\"lazy\" decoding=\"async\" width=\"603\" height=\"603\" src=\"https:\/\/pratko.pl\/wp-content\/uploads\/2025\/04\/Patrycja.png\" class=\"team__member-image\" alt=\"\" srcset=\"https:\/\/pratko.pl\/wp-content\/uploads\/2025\/04\/Patrycja.png 603w, https:\/\/pratko.pl\/wp-content\/uploads\/2025\/04\/Patrycja-300x300.png 300w, https:\/\/pratko.pl\/wp-content\/uploads\/2025\/04\/Patrycja-150x150.png 150w\" sizes=\"auto, (max-width: 603px) 100vw, 603px\" \/>                <\/div>\n                        <div class=\"team__member-text-wrapper\" data-aos=\"fade-up\" data-aos-delay=\"150\">\n                                    <h3 class=\"team__member-name\">Patrycja Mac<\/h3>\n                                                    <p class=\"team__member-position text-small\">Design Architect<\/p>\n                            <\/div>\n        <\/div>\n\n            \n        <div class=\"team__member\">\n                            <div class=\"team__member-image-wrapper\" data-aos=\"flip-left\" data-aos-delay=\"300\">\n                    <img loading=\"lazy\" decoding=\"async\" width=\"2560\" height=\"2560\" src=\"https:\/\/pratko.pl\/wp-content\/uploads\/2025\/07\/Dominika1-scaled.jpeg\" class=\"team__member-image\" alt=\"\" srcset=\"https:\/\/pratko.pl\/wp-content\/uploads\/2025\/07\/Dominika1-scaled.jpeg 2560w, https:\/\/pratko.pl\/wp-content\/uploads\/2025\/07\/Dominika1-300x300.jpeg 300w, https:\/\/pratko.pl\/wp-content\/uploads\/2025\/07\/Dominika1-1024x1024.jpeg 1024w, https:\/\/pratko.pl\/wp-content\/uploads\/2025\/07\/Dominika1-150x150.jpeg 150w, https:\/\/pratko.pl\/wp-content\/uploads\/2025\/07\/Dominika1-768x768.jpeg 768w, https:\/\/pratko.pl\/wp-content\/uploads\/2025\/07\/Dominika1-1536x1536.jpeg 1536w, https:\/\/pratko.pl\/wp-content\/uploads\/2025\/07\/Dominika1-2048x2048.jpeg 2048w\" sizes=\"auto, (max-width: 2560px) 100vw, 2560px\" \/>                <\/div>\n                        <div class=\"team__member-text-wrapper\" data-aos=\"fade-up\" data-aos-delay=\"300\">\n                                    <h3 class=\"team__member-name\">Dominika Wo\u0142owiec<\/h3>\n                                                    <p class=\"team__member-position text-small\">Architect\u2019s Assistant<\/p>\n                            <\/div>\n        <\/div>\n\n            <\/div>\n\n\n\n    <\/div>\n\n\n\n<\/div>\n\n<\/section>\n\n\n<section  class=\"section bcg-mdJqhqfIMxG fullwidth flex wrap horizontal horizontal__center   default-padding__big--top  section-border-bottom \" >\n        \n\n<style>\n    \/* mobile *\/\n    .bcg-zTaSULy9QLs {\n        background-image: url('');\n        background-color: ;\n    }\n\n    \/* desktop *\/\n    @media (min-width: 576px) {\n        .bcg-zTaSULy9QLs {\n            background-image: url('');\n        }\n    }\n<\/style>\n\n\n<div  class=\"boxwidth row bcg-zTaSULy9QLs       --side-paddings\" >\n        \n\n    <div  class=\" col-xxs-12 padding-top--none padding-bottom--none\" >\n        \n\n<div class=\"columns-with-text fullwidth   --with-image\">\n            <p class=\"text-bigger\" data-aos=\"fade-right\">Every project is unique and requires an individual approach that takes into account the users\u2019 needs, the context of the location, and technical challenges.<\/p>\n                <p class=\"text\" data-aos=\"fade-left\" data-aos-delay=\"150\">Our team combines the client\u2019s needs and artistic vision with practical solutions to create buildings that are not only beautiful but also safe, functional, and environmentally friendly.<\/p>\n    <\/div>\n\n    <\/div>\n\n\n\n<\/div>\n\n<\/section>\n\n\n<section  class=\"section bcg-FMDysRSBkx0 fullwidth flex wrap horizontal horizontal__center      \" >\n        \n\n<style>\n    \/* mobile *\/\n    .bcg-wtvd5An1nD5 {\n        background-image: url('');\n        background-color: ;\n    }\n\n    \/* desktop *\/\n    @media (min-width: 576px) {\n        .bcg-wtvd5An1nD5 {\n            background-image: url('');\n        }\n    }\n<\/style>\n\n\n<div  class=\"boxwidth row bcg-wtvd5An1nD5   default-padding__big--top default-padding__big--bottom   --side-paddings\" >\n        \n\n    <div  class=\" col-xxs-12 padding-top--none padding-bottom--none\" >\n        \n\n<div class=\"columns-with-icon fullwidth  \">\n    \n        <div class=\"columns-with-icon__item\" data-aos=\"fade-up\" data-aos-delay=\"0\">\n                            <div class=\"columns-with-icon__icon\">\n                    <img loading=\"lazy\" decoding=\"async\" width=\"60\" height=\"60\" src=\"https:\/\/pratko.pl\/wp-content\/uploads\/2025\/01\/ikona1.svg\" class=\"attachment-full size-full\" alt=\"\" \/>                <\/div>\n                        <div class=\"columns-with-icon__content\">\n                                    <h2 class=\"columns-with-icon__title\">Selectivity<\/h2>\n                                                    <p>We take on projects that are challenging and align with our company\u2019s vision. We select projects that match our aspirations and allow us to create innovative and distinctive architectural solutions.<\/p>\n                                            <\/div>\n        <\/div>\n\n            \n        <div class=\"columns-with-icon__item\" data-aos=\"fade-up\" data-aos-delay=\"150\">\n                            <div class=\"columns-with-icon__icon\">\n                    <img loading=\"lazy\" decoding=\"async\" width=\"60\" height=\"60\" src=\"https:\/\/pratko.pl\/wp-content\/uploads\/2025\/01\/ikona2.svg\" class=\"attachment-full size-full\" alt=\"\" \/>                <\/div>\n                        <div class=\"columns-with-icon__content\">\n                                    <h2 class=\"columns-with-icon__title\">Optimization<\/h2>\n                                                    <p>Our studio strives to optimize the design process. We aim to minimize the project duration while maintaining the highest quality. We implement necessary changes efficiently and without prolonged formalities.<\/p>\n                                            <\/div>\n        <\/div>\n\n            \n        <div class=\"columns-with-icon__item\" data-aos=\"fade-up\" data-aos-delay=\"300\">\n                            <div class=\"columns-with-icon__icon\">\n                    <img loading=\"lazy\" decoding=\"async\" width=\"60\" height=\"60\" src=\"https:\/\/pratko.pl\/wp-content\/uploads\/2025\/01\/ikona3.svg\" class=\"attachment-full size-full\" alt=\"\" \/>                <\/div>\n                        <div class=\"columns-with-icon__content\">\n                                    <h2 class=\"columns-with-icon__title\">Prestige<\/h2>\n                                                    <p>We are proud of our projects. We value collaboration with both our clients and contractors, who appreciate our skills and experience. Every completed project is a source of satisfaction for us and motivation for further development.<\/p>\n                                            <\/div>\n        <\/div>\n\n                    \n<\/div>\n\n\n\n    <\/div>\n\n\n\n<\/div>\n\n<\/section>","protected":false},"excerpt":{"rendered":"","protected":false},"author":1,"featured_media":2535,"parent":0,"menu_order":0,"comment_status":"closed","ping_status":"closed","template":"","meta":{"_acf_changed":false,"footnotes":""},"class_list":["post-2830","page","type-page","status-publish","has-post-thumbnail","hentry"],"acf":{"menu_position":false},"yoast_head":"<!-- This site is optimized with the Yoast SEO plugin v27.1.1 - https:\/\/yoast.com\/product\/yoast-seo-wordpress\/ -->\n<title>Architectural studio - Pratko Development<\/title>\n<meta name=\"robots\" content=\"index, follow, max-snippet:-1, max-image-preview:large, max-video-preview:-1\" \/>\n<link rel=\"canonical\" href=\"https:\/\/pratko.pl\/en\/architectural-studio\/\" \/>\n<meta property=\"og:locale\" content=\"en_US\" \/>\n<meta property=\"og:type\" content=\"article\" \/>\n<meta property=\"og:title\" content=\"Architectural studio - Pratko Development\" \/>\n<meta property=\"og:url\" content=\"https:\/\/pratko.pl\/en\/architectural-studio\/\" \/>\n<meta property=\"og:site_name\" content=\"Pratko Development\" \/>\n<meta property=\"article:modified_time\" content=\"2025-07-11T08:05:41+00:00\" \/>\n<meta property=\"og:image\" content=\"https:\/\/pratko.pl\/wp-content\/uploads\/2025\/02\/Aroniowa1.jpg\" \/>\n\t<meta property=\"og:image:width\" content=\"1920\" \/>\n\t<meta property=\"og:image:height\" content=\"1080\" \/>\n\t<meta property=\"og:image:type\" content=\"image\/jpeg\" \/>\n<meta name=\"twitter:card\" content=\"summary_large_image\" \/>\n<meta name=\"twitter:label1\" content=\"Est. reading time\" \/>\n\t<meta name=\"twitter:data1\" content=\"1 minute\" \/>\n<script type=\"application\/ld+json\" class=\"yoast-schema-graph\">{\"@context\":\"https:\/\/schema.org\",\"@graph\":[{\"@type\":\"WebPage\",\"@id\":\"https:\/\/pratko.pl\/en\/architectural-studio\/\",\"url\":\"https:\/\/pratko.pl\/en\/architectural-studio\/\",\"name\":\"Architectural studio - Pratko Development\",\"isPartOf\":{\"@id\":\"https:\/\/pratko.pl\/en\/#website\"},\"primaryImageOfPage\":{\"@id\":\"https:\/\/pratko.pl\/en\/architectural-studio\/#primaryimage\"},\"image\":{\"@id\":\"https:\/\/pratko.pl\/en\/architectural-studio\/#primaryimage\"},\"thumbnailUrl\":\"https:\/\/pratko.pl\/wp-content\/uploads\/2025\/02\/Aroniowa1.jpg\",\"datePublished\":\"2025-01-08T10:33:52+00:00\",\"dateModified\":\"2025-07-11T08:05:41+00:00\",\"breadcrumb\":{\"@id\":\"https:\/\/pratko.pl\/en\/architectural-studio\/#breadcrumb\"},\"inLanguage\":\"en-US\",\"potentialAction\":[{\"@type\":\"ReadAction\",\"target\":[\"https:\/\/pratko.pl\/en\/architectural-studio\/\"]}]},{\"@type\":\"ImageObject\",\"inLanguage\":\"en-US\",\"@id\":\"https:\/\/pratko.pl\/en\/architectural-studio\/#primaryimage\",\"url\":\"https:\/\/pratko.pl\/wp-content\/uploads\/2025\/02\/Aroniowa1.jpg\",\"contentUrl\":\"https:\/\/pratko.pl\/wp-content\/uploads\/2025\/02\/Aroniowa1.jpg\",\"width\":1920,\"height\":1080},{\"@type\":\"BreadcrumbList\",\"@id\":\"https:\/\/pratko.pl\/en\/architectural-studio\/#breadcrumb\",\"itemListElement\":[{\"@type\":\"ListItem\",\"position\":1,\"name\":\"Home\",\"item\":\"https:\/\/pratko.pl\/en\/\"},{\"@type\":\"ListItem\",\"position\":2,\"name\":\"Architectural studio\"}]},{\"@type\":\"WebSite\",\"@id\":\"https:\/\/pratko.pl\/en\/#website\",\"url\":\"https:\/\/pratko.pl\/en\/\",\"name\":\"Pratko Development\",\"description\":\"Pratko Development jest firm\u0105 posiadaj\u0105ca 15 letnie do\u015bwiadczenie w bran\u017cy budowlanej na rynku brytyjskim. Na swoim koncie mamy wiele pomy\u015blnie zrealizowanych inwestycji takich jak: szpitale, college, szko\u0142y, osiedla oraz apartamenty.\",\"potentialAction\":[{\"@type\":\"SearchAction\",\"target\":{\"@type\":\"EntryPoint\",\"urlTemplate\":\"https:\/\/pratko.pl\/en\/?s={search_term_string}\"},\"query-input\":{\"@type\":\"PropertyValueSpecification\",\"valueRequired\":true,\"valueName\":\"search_term_string\"}}],\"inLanguage\":\"en-US\"}]}<\/script>\n<!-- \/ Yoast SEO plugin. -->","yoast_head_json":{"title":"Architectural studio - Pratko Development","robots":{"index":"index","follow":"follow","max-snippet":"max-snippet:-1","max-image-preview":"max-image-preview:large","max-video-preview":"max-video-preview:-1"},"canonical":"https:\/\/pratko.pl\/en\/architectural-studio\/","og_locale":"en_US","og_type":"article","og_title":"Architectural studio - Pratko Development","og_url":"https:\/\/pratko.pl\/en\/architectural-studio\/","og_site_name":"Pratko Development","article_modified_time":"2025-07-11T08:05:41+00:00","og_image":[{"width":1920,"height":1080,"url":"https:\/\/pratko.pl\/wp-content\/uploads\/2025\/02\/Aroniowa1.jpg","type":"image\/jpeg"}],"twitter_card":"summary_large_image","twitter_misc":{"Est. reading time":"1 minute"},"schema":{"@context":"https:\/\/schema.org","@graph":[{"@type":"WebPage","@id":"https:\/\/pratko.pl\/en\/architectural-studio\/","url":"https:\/\/pratko.pl\/en\/architectural-studio\/","name":"Architectural studio - Pratko Development","isPartOf":{"@id":"https:\/\/pratko.pl\/en\/#website"},"primaryImageOfPage":{"@id":"https:\/\/pratko.pl\/en\/architectural-studio\/#primaryimage"},"image":{"@id":"https:\/\/pratko.pl\/en\/architectural-studio\/#primaryimage"},"thumbnailUrl":"https:\/\/pratko.pl\/wp-content\/uploads\/2025\/02\/Aroniowa1.jpg","datePublished":"2025-01-08T10:33:52+00:00","dateModified":"2025-07-11T08:05:41+00:00","breadcrumb":{"@id":"https:\/\/pratko.pl\/en\/architectural-studio\/#breadcrumb"},"inLanguage":"en-US","potentialAction":[{"@type":"ReadAction","target":["https:\/\/pratko.pl\/en\/architectural-studio\/"]}]},{"@type":"ImageObject","inLanguage":"en-US","@id":"https:\/\/pratko.pl\/en\/architectural-studio\/#primaryimage","url":"https:\/\/pratko.pl\/wp-content\/uploads\/2025\/02\/Aroniowa1.jpg","contentUrl":"https:\/\/pratko.pl\/wp-content\/uploads\/2025\/02\/Aroniowa1.jpg","width":1920,"height":1080},{"@type":"BreadcrumbList","@id":"https:\/\/pratko.pl\/en\/architectural-studio\/#breadcrumb","itemListElement":[{"@type":"ListItem","position":1,"name":"Home","item":"https:\/\/pratko.pl\/en\/"},{"@type":"ListItem","position":2,"name":"Architectural studio"}]},{"@type":"WebSite","@id":"https:\/\/pratko.pl\/en\/#website","url":"https:\/\/pratko.pl\/en\/","name":"Pratko Development","description":"Pratko Development jest firm\u0105 posiadaj\u0105ca 15 letnie do\u015bwiadczenie w bran\u017cy budowlanej na rynku brytyjskim. Na swoim koncie mamy wiele pomy\u015blnie zrealizowanych inwestycji takich jak: szpitale, college, szko\u0142y, osiedla oraz apartamenty.","potentialAction":[{"@type":"SearchAction","target":{"@type":"EntryPoint","urlTemplate":"https:\/\/pratko.pl\/en\/?s={search_term_string}"},"query-input":{"@type":"PropertyValueSpecification","valueRequired":true,"valueName":"search_term_string"}}],"inLanguage":"en-US"}]}},"_links":{"self":[{"href":"https:\/\/pratko.pl\/en\/wp-json\/wp\/v2\/pages\/2830","targetHints":{"allow":["GET"]}}],"collection":[{"href":"https:\/\/pratko.pl\/en\/wp-json\/wp\/v2\/pages"}],"about":[{"href":"https:\/\/pratko.pl\/en\/wp-json\/wp\/v2\/types\/page"}],"author":[{"embeddable":true,"href":"https:\/\/pratko.pl\/en\/wp-json\/wp\/v2\/users\/1"}],"replies":[{"embeddable":true,"href":"https:\/\/pratko.pl\/en\/wp-json\/wp\/v2\/comments?post=2830"}],"version-history":[{"count":5,"href":"https:\/\/pratko.pl\/en\/wp-json\/wp\/v2\/pages\/2830\/revisions"}],"predecessor-version":[{"id":3160,"href":"https:\/\/pratko.pl\/en\/wp-json\/wp\/v2\/pages\/2830\/revisions\/3160"}],"wp:featuredmedia":[{"embeddable":true,"href":"https:\/\/pratko.pl\/en\/wp-json\/wp\/v2\/media\/2535"}],"wp:attachment":[{"href":"https:\/\/pratko.pl\/en\/wp-json\/wp\/v2\/media?parent=2830"}],"curies":[{"name":"wp","href":"https:\/\/api.w.org\/{rel}","templated":true}]}}